
{"id":638,"date":"2021-03-01T21:16:45","date_gmt":"2021-03-01T20:16:45","guid":{"rendered":"http:\/\/fasttrening.no\/?page_id=638"},"modified":"2025-02-02T20:12:08","modified_gmt":"2025-02-02T19:12:08","slug":"forside-2","status":"publish","type":"page","link":"https:\/\/fasttrening.no\/","title":{"rendered":"Forside"},"content":{"rendered":"\n    \n    <section class=\"u-align-left u-clearfix u-container-align-left u-image u-section-2\" id=\"carousel_bd6f\" style=\"background-image: url(&quot;https:\/\/fasttrening.no\/wp-content\/uploads\/2021\/03\/maxO_TVsaeZNlEunsplashmin2-1.jpg&quot;);\">\n      <div class=\"u-clearfix u-sheet u-sheet-1\">\n        <div class=\"u-border-2 u-border-white u-container-style u-group u-group-1\">\n          <div class=\"u-container-layout u-valign-middle u-container-layout-1\">\n            <h4 class=\"u-custom-font u-font-oswald u-text u-text-body-alt-color u-text-1\">FAST TRENING<\/h4>\n            <h1 class=\"u-color-scheme-u10 u-color-style-multicolor-1 u-text u-text-body-alt-color u-title u-text-2\">TREN MED OSS P\u00c5 FAST<\/h1>\n            <div class=\"u-border-8 u-border-white u-line u-line-horizontal u-line-1\"><\/div>\n          <\/div>\n        <\/div>\n      <\/div>\n    <\/section>\n    <section class=\"u-clearfix u-custom-color-1 u-section-3\" id=\"sec-a3db\">\n      <div class=\"u-clearfix u-sheet u-sheet-1\">\n        <div class=\"u-expanded-width u-layout-grid u-list u-list-1\">\n          <div class=\"u-repeater u-repeater-1\">\n            <div class=\"u-container-style u-list-item u-repeater-item u-white u-list-item-1\">\n              <div class=\"u-container-layout u-similar-container u-valign-top u-container-layout-1\">\n                <span class=\"u-file-icon u-icon u-icon-circle u-text-palette-1-base u-icon-1\">\n                  <img decoding=\"async\" src=\"https:\/\/fasttrening.no\/wp-content\/uploads\/2021\/03\/Fast-icon-3-1.png\" alt=\"\">\n                <\/span>\n                <h3 class=\"u-text u-text-1\">BLI MED P\u00c5 felles treninger<\/h3>\n                <p class=\"u-text u-text-2\">Er du medlem, kan du enkelt melde deg p\u00e5 felles timene v\u00e5re her<br>\n                  <br>\n                <\/p>\n                <a href=\"https:\/\/fasttrening.no\/?page_id=721\" class=\"u-btn u-button-style u-custom-color-1 u-hover-custom-color-2 u-btn-1\">Timeplan<\/a>\n              <\/div>\n            <\/div>\n            <div class=\"u-container-style u-list-item u-repeater-item u-video-cover u-white u-list-item-2\">\n              <div class=\"u-container-layout u-similar-container u-valign-top u-container-layout-2\">\n                <span class=\"u-file-icon u-icon u-icon-circle u-text-palette-1-base u-icon-2\">\n                  <img decoding=\"async\" src=\"https:\/\/fasttrening.no\/wp-content\/uploads\/2021\/03\/Fast-icon-1-1.png\" alt=\"\">\n                <\/span>\n                <h3 class=\"u-text u-text-3\">TREN N\u00c5R DU \u00d8NSKER DET<\/h3>\n                <p class=\"u-text u-text-4\">Vi har lange \u00e5pningstider, s\u00e5 man kan velge selv n\u00e5r man \u00f8nsker \u00e5 trene.<br>\n                  <br>\n                <\/p>\n                <a href=\"https:\/\/fasttrening.no\/?page_id=635\" class=\"u-btn u-button-style u-custom-color-1 u-hover-custom-color-2 u-btn-2\">\u00c5pningstider<\/a>\n              <\/div>\n            <\/div>\n            <div class=\"u-container-style u-list-item u-repeater-item u-video-cover u-white u-list-item-3\">\n              <div class=\"u-container-layout u-similar-container u-valign-top u-container-layout-3\">\n                <span class=\"u-file-icon u-icon u-icon-circle u-text-palette-1-base u-icon-3\">\n                  <img decoding=\"async\" src=\"https:\/\/fasttrening.no\/wp-content\/uploads\/2021\/03\/Fast-icon-2-1.png\" alt=\"\">\n                <\/span>\n                <h3 class=\"u-text u-text-5\">BLI MEDLEM<br>\n                  <br>\n                <\/h3>\n                <p class=\"u-text u-text-6\">N\u00e5 kan du enkelt bli medlem og f\u00e5 tilgang til v\u00e5re treningslokaler.&nbsp;<br>\n                  <br>\n                <\/p>\n                <a href=\"https:\/\/blimedlem.fasttrening.no\/\" class=\"u-btn u-button-style u-custom-color-1 u-hover-custom-color-2 u-btn-3\" target=\"_blank\">Bli Medlem<\/a>\n              <\/div>\n            <\/div>\n          <\/div>\n        <\/div>\n      <\/div>\n    <\/section>\n    <section class=\"u-clearfix u-section-4\" id=\"carousel_c9f5\">\n      <div class=\"u-clearfix u-sheet u-sheet-1\">\n        <div class=\"u-clearfix u-expanded-width u-gutter-50 u-layout-spacing-vertical u-layout-wrap u-layout-wrap-1\">\n          <div class=\"u-layout\">\n            <div class=\"u-layout-row\">\n              <div class=\"u-size-27 u-size-60-md\">\n                <div class=\"u-layout-col\">\n                  <div class=\"u-container-style u-image u-layout-cell u-left-cell u-size-40 u-image-1\" src=\"\" data-image-width=\"960\" data-image-height=\"960\" style=\"background-image: url(&quot;https:\/\/fasttrening.no\/wp-content\/uploads\/2019\/12\/19149210_1391016660980314_7877211528450700423_n.jpg&quot;);\">\n                    <div class=\"u-container-layout u-valign-middle u-container-layout-1\"><\/div>\n                  <\/div>\n                  <div class=\"u-container-style u-layout-cell u-left-cell u-size-20 u-layout-cell-2\">\n                    <div class=\"u-container-layout u-container-layout-2\">\n                      <p class=\"u-align-left u-text u-text-1\">\n                        <span style=\"font-weight: 400;\">\n                          <span style=\"font-weight: 700;\">FAST <\/span>finner du i v\u00e5re nye treningslokaler i&nbsp;<span style=\"font-weight: 700;\">\n                            <br>2 etg, Havnegata 3C \n                          <\/span> - midt i R\u00f8rvik sentrum. \n                        <\/span>\n                        <br>\n                      <\/p>\n                    <\/div>\n                  <\/div>\n                <\/div>\n              <\/div>\n              <div class=\"u-size-33 u-size-60-md\">\n                <div class=\"u-layout-col\">\n                  <div class=\"u-align-left u-container-align-left u-container-style u-layout-cell u-right-cell u-size-20 u-layout-cell-3\">\n                    <div class=\"u-container-layout u-valign-middle u-container-layout-3\">\n                      <h1 class=\"u-text u-text-custom-color-1 u-text-2\">Enklere administrasjon<\/h1>\n                      <p class=\"u-text u-text-3\">N\u00e5 administrerer du ditt abonnement helt enkelt selv; enklere betaling, booking p\u00e5 timeplan og andre sp\u00f8rsm\u00e5l du har til ditt abonnement finner p\u00e5 Min Side.<\/p>\n                      <a href=\"https:\/\/minside.fasttrening.no\/\" class=\"u-border-0 u-btn u-button-style u-custom-color-1 u-hover-custom-color-2 u-btn-1\" target=\"_blank\">MIN SIDE<\/a>\n                    <\/div>\n                  <\/div>\n                  <div class=\"u-align-left u-container-align-left u-container-style u-image u-layout-cell u-right-cell u-size-40 u-image-2\" style=\"background-image: url(&quot;https:\/\/fasttrening.no\/wp-content\/uploads\/2021\/03\/billionphotos1844943-1.jpg&quot;);\">\n                    <div class=\"u-container-layout\"><\/div>\n                  <\/div>\n                <\/div>\n              <\/div>\n            <\/div>\n          <\/div>\n        <\/div>\n      <\/div>\n    <\/section>\n    <section class=\"u-align-center u-clearfix u-container-align-center u-section-5\" id=\"carousel_0aa3\">\n      <div class=\"u-clearfix u-sheet u-sheet-1\">\n        <div class=\"u-clearfix u-gutter-30 u-layout-wrap u-layout-wrap-1\">\n          <div class=\"u-layout\">\n            <div class=\"u-layout-row\">\n              <div class=\"u-size-25 u-size-60-md\">\n                <div class=\"u-layout-row\">\n                  <div class=\"u-container-style u-image u-layout-cell u-left-cell u-size-60 u-image-1\" style=\"background-image: url(&quot;https:\/\/fasttrening.no\/wp-content\/uploads\/2021\/03\/billionphotos1844984-1.jpg&quot;);\">\n                    <div class=\"u-container-layout u-valign-middle u-container-layout-1\"><\/div>\n                  <\/div>\n                <\/div>\n              <\/div>\n              <div class=\"u-size-35 u-size-60-md\">\n                <div class=\"u-layout-col\">\n                  <div class=\"u-size-40\">\n                    <div class=\"u-layout-row\">\n                      <div class=\"u-align-left u-container-align-left u-container-style u-layout-cell u-right-cell u-size-60 u-layout-cell-2\">\n                        <div class=\"u-container-layout u-container-layout-2\">\n                          <h4 class=\"u-text u-text-1\">Felles treninger<\/h4>\n                          <h1 class=\"u-text u-text-palette-4-base u-text-2\">\n                            <a class=\"u-active-none u-border-none u-btn u-button-link u-button-style u-hover-none u-none u-text-custom-color-1 u-text-hover-custom-color-2 u-btn-1\" href=\"https:\/\/fasttrening.no\/?page_id=721\">Sjekk timeplanen enkelt her<\/a>\n                          <\/h1>\n                        <\/div>\n                      <\/div>\n                    <\/div>\n                  <\/div>\n                  <div class=\"u-size-20\">\n                    <div class=\"u-layout-row\">\n                      <div class=\"u-container-style u-image u-layout-cell u-size-30 u-image-2\" style=\"background-image: url(&quot;https:\/\/fasttrening.no\/wp-content\/uploads\/2021\/03\/billionphotos1845191-1.jpg&quot;);\">\n                        <div class=\"u-container-layout u-valign-middle u-container-layout-3\"><\/div>\n                      <\/div>\n                      <div class=\"u-container-style u-custom-color-1 u-layout-cell u-right-cell u-size-30 u-layout-cell-4\">\n                        <div class=\"u-container-layout u-valign-middle u-container-layout-4\">\n                          <h3 class=\"u-text u-text-default u-text-3\">\n                            <a class=\"u-active-none u-border-none u-btn u-button-link u-button-style u-hover-none u-none u-text-hover-custom-color-2 u-text-white u-btn-2\" href=\"https:\/\/www.facebook.com\/FASTtrening\/\" target=\"_blank\">Lik oss p\u00e5 Facebook<\/a>\n                          <\/h3>\n                          <p class=\"u-text u-text-default u-text-4\">Sjekk enkelt status oppdateringer fra ditt n\u00e6rmeste treningssenter p\u00e5 R\u00f8rvik - p\u00e5 Facebook<\/p>\n                          <div class=\"u-social-icons u-spacing-10 u-social-icons-1\">\n                            <a class=\"u-social-url\" target=\"_blank\" href=\"https:\/\/www.facebook.com\/FASTtrening\/\" title=\"Fast p\u00e5 Facebook\">\n                              <span class=\"u-icon u-icon-circle u-social-facebook u-social-icon u-icon-1\">\n                                <svg class=\"u-svg-link\" preserveAspectRatio=\"xMidYMin slice\" viewBox=\"0 0 112 112\" style=\"\"><use xlink:href=\"#svg-c3b7\"><\/use><\/svg>\n                                <svg xmlns=\"http:\/\/www.w3.org\/2000\/svg\" xmlns:xlink=\"http:\/\/www.w3.org\/1999\/xlink\" version=\"1.1\" xml:space=\"preserve\" class=\"u-svg-content\" viewBox=\"0 0 112 112\" x=\"0px\" y=\"0px\" id=\"svg-c3b7\"><path d=\"M75.5,28.8H65.4c-1.5,0-4,0.9-4,4.3v9.4h13.9l-1.5,15.8H61.4v45.1H42.8V58.3h-8.8V42.4h8.8V32.2 c0-7.4,3.4-18.8,18.8-18.8h13.8v15.4H75.5z\"><\/path><\/svg>\n                              <\/span>\n                            <\/a>\n                          <\/div>\n                        <\/div>\n                      <\/div>\n                    <\/div>\n                  <\/div>\n                <\/div>\n              <\/div>\n            <\/div>\n          <\/div>\n        <\/div>\n      <\/div>\n    <\/section>\n    \n    \n    \n  \n","protected":false},"excerpt":{"rendered":"<p>FAST TRENING TREN MED OSS P\u00c5 FAST BLI MED P\u00c5 felles treninger Er du medlem, kan du enkelt melde deg p\u00e5 felles timene v\u00e5re her Timeplan TREN N\u00c5R DU \u00d8NSKER DET Vi har lange \u00e5pningstider, s\u00e5 man kan velge selv n\u00e5r man \u00f8nsker \u00e5 trene. \u00c5pningstider BLI MEDLEM N\u00e5 kan du enkelt bli medlem og &hellip; <a href=\"https:\/\/fasttrening.no\/\" class=\"more-link\">Continue reading<span class=\"screen-reader-text\"> &laquo;Forside&raquo;<\/span><\/a><\/p>\n","protected":false},"author":1,"featured_media":0,"parent":0,"menu_order":5,"comment_status":"closed","ping_status":"closed","template":"","meta":{"footnotes":""},"class_list":["post-638","page","type-page","status-publish","hentry"],"_links":{"self":[{"href":"https:\/\/fasttrening.no\/index.php?rest_route=\/wp\/v2\/pages\/638","targetHints":{"allow":["GET"]}}],"collection":[{"href":"https:\/\/fasttrening.no\/index.php?rest_route=\/wp\/v2\/pages"}],"about":[{"href":"https:\/\/fasttrening.no\/index.php?rest_route=\/wp\/v2\/types\/page"}],"author":[{"embeddable":true,"href":"https:\/\/fasttrening.no\/index.php?rest_route=\/wp\/v2\/users\/1"}],"replies":[{"embeddable":true,"href":"https:\/\/fasttrening.no\/index.php?rest_route=%2Fwp%2Fv2%2Fcomments&post=638"}],"version-history":[{"count":14,"href":"https:\/\/fasttrening.no\/index.php?rest_route=\/wp\/v2\/pages\/638\/revisions"}],"predecessor-version":[{"id":797,"href":"https:\/\/fasttrening.no\/index.php?rest_route=\/wp\/v2\/pages\/638\/revisions\/797"}],"wp:attachment":[{"href":"https:\/\/fasttrening.no\/index.php?rest_route=%2Fwp%2Fv2%2Fmedia&parent=638"}],"curies":[{"name":"wp","href":"https:\/\/api.w.org\/{rel}","templated":true}]}}