
{"id":744,"date":"2021-08-13T12:32:46","date_gmt":"2021-08-13T10:32:46","guid":{"rendered":"https:\/\/fasttrening.no\/?page_id=744"},"modified":"2025-01-09T10:51:43","modified_gmt":"2025-01-09T09:51:43","slug":"medlemsvilkar-2","status":"publish","type":"page","link":"https:\/\/fasttrening.no\/?page_id=744","title":{"rendered":"\u200bMedlemsvilk\u00e5r"},"content":{"rendered":"\n    \n    <section class=\"u-align-left u-clearfix u-container-align-left u-section-2\" id=\"sec-cb5f\">\n      <div class=\"u-clearfix u-sheet u-sheet-1\">\n        <h1 class=\"u-text u-text-default u-text-1\"> Medlemsvilk\u00e5r<\/h1>\n        <h3 class=\"u-text u-text-2\"> Medlemsvilk\u00e5r<\/h3>\n        <p class=\"u-text u-text-3\"> 1.\tFAST R\u00f8rvik AS, videre beskrevet som FAST, sitt hovedprodukt er l\u00f8pende abonnementsmedlemskap med eller uten bindingstid. <br>\n          <br>2.\tMedlemskapet l\u00f8per fra den dagen du melder deg inn. Ved innmelding blir du belastet for treningsavgift for en m\u00e5ned. De til enhver tid gjeldende priser finnes p\u00e5 hjemmesiden under fanen \"Bli medlem\". Ved tegning av medlemskap med ulike tidsavgrensende kampanjer, f.eks. skoleelev eller sommerferie, vil hele bel\u00f8pet bli belastet. <br>\n          <br>3.\tVed oppsigelse av medlemskap er oppsigelsestiden resterende dager av innev\u00e6rende m\u00e5ned, samt ut p\u00e5f\u00f8lgende m\u00e5ned etter oppsigelse. Oppsigelse gj\u00f8res KUN via denne hjemmesiden. Logg inn p\u00e5 \u201cMin side\u201d, \u201cSupport\u201d og \u201cOpprett sak\u201d. <br>\n          <br> 4. Treningssenteret har 16-\u00e5rs\naldersgrense, men medlemskap kan tegnes det kalender\u00e5ret en fyller 16 \u00e5r. Du\nkan bli bedt om \u00e5 vise legitimasjon. Hvis du er under aldersgrensen, avsluttes\nmedlemskapet umiddelbart, og innbetalt start- og treningsavgift blir ikke\nrefundert.<br>\n          <br>5.\tForh\u00e5ndsbetalt medlemskap g\u00e5r automatisk over til l\u00f8pende med m\u00e5nedlig betaling om annet ikke er spesifisert. Om den forh\u00e5ndsbetalte perioden er under 12 mnd. vil m\u00e5nedsprisen tilsvare m\u00e5nedlig medlemskap uten binding. Om den forh\u00e5ndsbetalte perioden er 12 mnd. vil m\u00e5nedsprisen tilsvare medlemskap med binding.&nbsp;&nbsp;<br>\n        <\/p>\n        <h3 class=\"u-text u-text-4\"> Adgang<\/h3>\n        <p class=\"u-text u-text-5\"> 1.\tMedlemmer m\u00e5 ALLLTID ha med personlig adgangskort til trening. Det er dette som gir adgang til senteret. Adgangskort utleveres i resepsjonen. Kun medlemmer med aktivt\/betalt medlemskap har lov til \u00e5 oppholde seg i lokalene. <br>\n          <br>2.\tHvis du mister eller skader et medlemskort m\u00e5 dette umiddelbart meldes til treningssenteret p\u00e5 \u201cMin side\u201d, og nytt kort kan kj\u00f8pes i resepsjonen. <br>\n          <br>3.\tMedlemskapet hos FAST R\u00f8rvik AS er personlig og adgangskort skal ikke overlates\/l\u00e5nes bort til andre. Inngangspartiet og adgangskontrollen er videooverv\u00e5ket. Medlemskapet kan etter misbruk bli avsluttet uten ytterligere varsel, og innbetalt start- og treningsavgift blir ikke refundert.&nbsp;<br>\n        <\/p>\n        <h3 class=\"u-text u-text-6\"> Administrasjon av medlemskap<\/h3>\n        <p class=\"u-text u-text-7\"> 1.\tSom medlem administrer du selv ditt eget medlemskap p\u00e5 \"Min side\". Dette betyr at du selv m\u00e5 logge deg inn p\u00e5 \"Min side\" dersom du \u00f8nsker \u00e5 endre personopplysninger, betalingskort, legge inn foresp\u00f8rsel om fryseperiode, avslutte medlemskapet etc. Frys eller oppsigelse muntlig, pr. e-post eller brev er ikke gyldig. <br>Du vil ved frys av medlemskap, eller avslutning av medlemskap, motta en kvittering p\u00e5 e-post med bekreftelse. <br>\n          <br>2.\tDu er ansvarlig for \u00e5 holde dine medlemsopplysninger oppdatert til enhver tid. Du har tilgang til \u00e5 endre dem p\u00e5 \"Min side\". Treningssenteret fraskriver seg ansvar for feil i opplysninger du har registrert. <br>\n          <br>3.\tAlle henvendelser vedr\u00f8rende ditt medlemskap skal rettes til support p\u00e5 Min side. Denne har du tilgang til som medlem.&nbsp;<br>\n        <\/p>\n        <h3 class=\"u-text u-text-8\"> Frys av medlemskap<\/h3>\n        <p class=\"u-text u-text-9\"> 1.\tBehov for frys av medlemskap m\u00e5 registreres m\u00e5neden f\u00f8r \u00f8nsket fryseperiode starter, og ved sykdom raskest mulig etter sykdomsutbrudd eller skade. Frys av kontraktsperiode gjelder minimum \u00e9n (1) m\u00e5ned og maksimalt 6 m\u00e5neder i strekk, og ved f\u00f8lgende \u00e5rsaker: <br>\u2022\tSykdom som er dokumentert ved legeattest og som medf\u00f8rer at man ikke kan trene. <br>\u2022\tSvangerskap som medf\u00f8rer at man ikke kan eller \u00f8nsker \u00e5 trene <br>\u2022\tUtstasjonering grunnet jobb, studier eller milit\u00e6rtjeneste. <br>\n          <br>2.\tDet gis ikke frys eller fritak for betaling ved ferieavvikling. Frys av medlemskapet m\u00e5 v\u00e6re fastsatt og godkjent p\u00e5 forh\u00e5nd, og dokumentasjonen m\u00e5 f\u00f8lge fryss\u00f8knaden. Bindingstiden forskyves med like mange m\u00e5neder som det gis fritak for, slik at medlemskapets varighet blir i henhold til avtalen ved kontraktsinng\u00e5else.&nbsp;&nbsp;<br>\n        <\/p>\n        <h3 class=\"u-text u-text-10\"> Betaling<\/h3>\n        <p class=\"u-text u-text-11\"> 1.\tSom medlem hos FAST aksepterer du at betalingskortet ditt belastes med den avtalte treningsavgiften hver m\u00e5ned. Du er selv ansvarlig for \u00e5 ha korrekte betalingsopplysninger til enhver tid, f.eks. p\u00e5se at betalingskortet er gyldig. Betalingsopplysningene kan du endre p\u00e5 \"Min side\". <br>\n          <br>2.\tKvittering for betalt medlemsavgift ligger tilgjengelig p\u00e5 \"Min side\" under \"Betalinger\". FAST sender ut p\u00e5minnelser via mail og SMS for ubetalt medlemsavgift, samt varsel om automatisk utmeldelse, dersom betaling uteblir. Etter gjentatte varsler sendes utest\u00e5ende bel\u00f8p til inkasso.&nbsp;&nbsp;<br>\n        <\/p>\n        <h3 class=\"u-text u-text-12\"> Angrefrist<\/h3>\n        <p class=\"u-text u-text-13\"> Som kunde hos FAST har du full angrerett p\u00e5 din bestilling fra internett inntil 14 dager. <br>Hvis treningssenteret er benyttet i l\u00f8pet av disse 14 dagene, faktureres du for halv m\u00e5nedsavgift.\n        <\/p>\n        <h3 class=\"u-text u-text-14\"> Sikkerhet og trivselsregler<\/h3>\n        <p class=\"u-text u-text-15\"> 1.\tFAST er delvis ubemannet og er derfor kameraoverv\u00e5ket, som medlem er du n\u00e5 informert om dette. <br>\n          <br>2.\tTrening hos FAST skjer p\u00e5 eget ansvar, og du har selv ansvar for eiendeler du medbringer. Hvis du \u00f8nsker \u00e5 l\u00e5se inn private eiendeler, kan du ta med hengel\u00e5s og l\u00e5se dette inn i garderobeskap mens du trener. <br>\n          <br>3.\tSom medlem ved FAST plikter du \u00e5 f\u00f8lge de til enhver tid gjeldende trivselsregler og smittevernregler. <br>\n          <br>4.\tFAST kan, uten forvarsel, si opp medlemsavtalen ved brudd p\u00e5 medlemsvilk\u00e5r, smittevernreglement eller trivselsregler, og innbetalt start- og treningsavgift vil ikke bli refundert.&nbsp;<br>\n        <\/p>\n        <h3 class=\"u-text u-text-16\"> Antidoping<\/h3>\n        <p class=\"u-text u-text-17\"> 1.\tSom medlem ved FAST bekrefter du at du ikke bruker stimuli eller doping som st\u00e5r oppf\u00f8rt p\u00e5 listen til Antidoping Norge, og du bekrefter at du frivillig vil la deg dopingteste. Ved positiv dopingpr\u00f8ve vil medlemskapet opph\u00f8re med umiddelbar virkning. <br>\n          <br>2.\tFAST \u00f8nsker et sunt treningsmilj\u00f8 og det er nulltoleranse for bruk av dopingmidler blant medlemmene. Alle medlemmer hos FAST m\u00e5 ta avstand fra bruk av dopingmidler. Bruk av dopingmidler utgj\u00f8r et vesentlig mislighold av treningsavtalen og gir FAST rett til \u00e5 heve avtalen med \u00f8yeblikkelig virkning. Vede mistanke p\u00e5 bruk av dopingmidler, vil medlemmet bli innkalt til en samtale. Under samtalen vil du bli forelagt en avtale\/erkl\u00e6ring om dopingkontroll, der du forplikter deg til \u00e5 avgi dopingpr\u00f8ve senere mens du befinner deg p\u00e5 FAST, hvis det fortsatt er mistanke om doping. Hvis du ikke signerer erkl\u00e6ringen, anses det som et vesentlig mislighold av medlemsvilk\u00e5rene, og det gir FAST rett til \u00e5 heve medlemsavtalen. <br>\n          <br>3.\tPositiv dopingpr\u00f8ve medf\u00f8rer utestengelse og politianmeldelse.&nbsp;<br>\n        <\/p>\n        <h3 class=\"u-text u-text-18\"> Personvern<\/h3>\n        <p class=\"u-text u-text-19\"> 1.\tSom medlem ved FAST samtykker du til at bedriften innhenter, lagrer og behandler dine personopplysninger. Dette for \u00e5 administrere kundeforholdet, og for \u00e5 optimalisere treningstilbud. I denne forbindelse innhenter vi og behandler dine personalia, og lagrer tidspunktet adgangskortet benyttes. <br>\n          <br>2.\tSom medlem samtykker du til at FAST kan benytte elektroniske kommunikasjonsmidler for \u00e5 kommunisere med deg om forhold av betydning for kundeforholdet, herunder nyhetsbrev og markedsf\u00f8ring av nye tilbud og tjenester. <br>\n          <br>3.\tFAST lagrer dine personopplysninger s\u00e5 lenge du er medlem, og i en periode p\u00e5 etter opph\u00f8r av avtalen. Dette gjelder likevel ikke opplysninger om statistikk for bes\u00f8k ved det enkelte treningssenter som lagres i 1 \u00e5r, og deretter anonymiseres. Som medlem har du rett til \u00e5 f\u00e5 innsyn i dine personopplysninger, samt \u00e5 rette p\u00e5\/supplere disse. Du kan n\u00e5r som helst trekke tilbake samtykket da det er frivillig \u00e5 gi fra seg personopplysninger, med mindre opplysningene skal eller kan oppbevares utover dette som f\u00f8lge av lov (for eksempel opplysninger for administrering av kundeforholdet). Ansvarlig for behandling av personopplysningene er FAST ved daglig leder. Henvendelser kan rettes til oss via \"support\" p\u00e5 \"Min side\". <br>\n          <br>4.\tUtlevering av personopplysninger til andre vil ikke skje uten ditt samtykke. Utlevering vil likevel skje i forbindelse med betalingsinnkreving og regnskapsbehandling.&nbsp;<br>\n        <\/p>\n        <h3 class=\"u-text u-text-20\"> Treningssenterets rettigheter<\/h3>\n        <p class=\"u-text u-text-21\"> 1.\tFAST kan, uten forvarsel, indeksregulere prisene tilsvarende utviklingen i KPI, begrenset til 3% pr. \u00e5r. Andre prisendringer forutsetter 30 dagers varsel pr. e-post eller SMS. <br>\n          <br>2.\tFAST kan gjennomf\u00f8re n\u00f8dvendig vedlikehold som medf\u00f8rer begrensning i aktivitet. Dette varsles via oppslag og hjemmeside. <br>\n          <br>3.\tFAST har rett til \u00e5 endre medlemsvilk\u00e5rene. Dersom endringene er av en viss betydning for medlemmet, eller til medlemmets ugunst, skal FAST varsle medlemmene f\u00f8r endringene trer i kraft. <br>\n          <br>4.\tFAST kan ved force majeure\/uforutsette hendelser utenfor v\u00e5r kontroll, m\u00e5tte stenge \/ forandre drift og\/eller tilgang til senteret for medlemmer. Avtalen vil da l\u00f8pe som normalt til medlemmet evt. sier opp avtalen eller aktiverer frys.&nbsp;<br>\n        <\/p>\n        <h3 class=\"u-text u-text-22\"> Personvernerkl\u00e6ringer<\/h3>\n        <p class=\"u-text u-text-23\"> 1.\tGenerelt: FAST tar ditt personvern alvorlig og vil verne om dine opplysninger og p\u00e5se at disse kun benyttes til p\u00e5 forh\u00e5nd bestemte form\u00e5l. Behandlingsansvarlig er daglig leder Treningssenteret<br>\n          <br>2. Hva vi benytter personopplysningene til: <br>\u2022\t\u00c5 administrere ditt kundeforhold. <br>\u2022\tF\u00f8re oversikt over antall brukere p\u00e5 ulike tidspunkt for \u00e5 optimalisere treningstilbudet. <br>\n          <br>3.\tInnsyn, retting, supplering og sletting: <br>\u2022\tSom medlem hos FAST har du rett til \u00e5 f\u00e5 innsyn i dine personopplysninger, og kreve disse rettet og\/eller supplert. Du kan n\u00e5r som helst trekke tilbake ditt samtykke til at vi behandler dine personopplysninger da det er frivillig \u00e5 gi fra seg disse.Dette gjelder likevel ikke for opplysninger som etter personopplysningsloven kan oppbevares og behandles uten samtykke, for eksempel opplysninger som er n\u00f8dvendig for \u00e5 administrere ditt kundeforhold. Dersom du \u00f8nsker innsyn, retting, supplering eller sletting ber vi om at du tar kontakt med oss p\u00e5 via \"Min side\". Vi vil besvare din henvendelse uten ugrunnet opphold og senest innen 30 dager.<br>\n          <br>4. Lagring: <br>\u2022\tVi lagrer ovennevnte personopplysninger s\u00e5 lenge du er medlem hos Treningssenteret, og i en periode p\u00e5 etter opph\u00f8r av avtalen. <br>\n          <br>5.\tUtlevering: <br>\u2022\tUtlevering av personopplysninger til andre vil ikke skje uten ditt samtykke. Utlevering vil likevel skje i forbindelse med betalingsinnkreving, regnskapsbehandling. <br>\n          <br>6.\tKontakt og nyhetsbrev <br>\u2022\tFAST benytter personopplysningene for \u00e5 komme i kontakt med deg og holde deg informert. Som medlem har du samtykket til at FAST kan benytte elektroniske kommunikasjonsmidler for \u00e5 kommunisere med deg om forhold av betydning for kundeforholdet, herunder nyhetsbrev og markedsf\u00f8ring av nye tilbud og tjenester. <br>\n          <br>7.\tKameraoverv\u00e5king: <br>\u2022\tFAST er delvis ubemannet. For \u00e5 hindre og oppklare evt. ulykker, uhell og h\u00e6rverk er senteret derfor kameraoverv\u00e5ket. kameraoverv\u00e5kingen er automatisert , og opplysningene lagres ikke lenger enn 7 dager, men inntill 30 dager dersom det er sannsynlig at opptaket vil bli utlevert til politiet i forbindelse med etterforskning av straffbare ulykker eller forhold. <br>\n          <br>8.\tCookies: <br>\u2022\tEn informasjonskapsel (cookie) er en tekstfil som en webserver kan lagre p\u00e5 brukerens harddisk n\u00e5r denne laster ned sider fra den aktuelle serveren. Form\u00e5let med en slik fil er prim\u00e6rt \u00e5 lagre opplysninger om brukerens interaksjon med serveren for \u00e5 kunne gjenkjenne brukeren ved senere anledninger og effektivisere senere bes\u00f8k p\u00e5 samme nettsted.&nbsp;<br>\n        <\/p>\n        <h2 class=\"u-text u-text-24\"> Sikkerhet- og trivselsregler<\/h2>\n        <p class=\"u-text u-text-25\"> FAST \u00f8nsker \u00e5 tilrettelegge for trygg og givende trening i et hyggelig milj\u00f8.&nbsp;<br>Her ser du v\u00e5re trivselsregler som bidrar til et godt treningsmilj\u00f8 for alle.\n        <\/p>\n        <p class=\"u-text u-text-26\">1.\tBidra til et godt treningsmilj\u00f8: <br>\u2022\tVis respekt for og ta hensyn til andre trenende. Et smil og \u00e5 hilse er alltid hyggelig. Gi plass for andre trenende n\u00e5r du selv er ferdig med apparater og treningsutstyr. <br>\n          <br>2.\tInnesko: <br>\u2022\tAll trening skjer med rene innesko. Utesko plasseres p\u00e5 skohyller i inngangspartiet. <br>\n          <br>3.\tRent treningst\u00f8y og god hygiene: <br>\u2022\tBruk kun rent treningst\u00f8y og praktiser god personlig hygiene. <br>\n          <br>4.\tAdgang\/ankomst: <br>\u2022\tAlle treningsbes\u00f8k skal registreres. Bruk ditt personlige medlemskort ved registrering. Medlemskortet kan kun benyttes av medlemskapets eier. <br>\n          <br>5.\tBekledning: <br>\u2022\tDet er ikke anledning til \u00e5 trene i bar overkropp eller korte shorts. I egentreningssal er det ikke anledning til \u00e5 trene barbent. Enkelte timer i gruppetreningssal, (f.eks. yoga), er tilrettelagt for barbeint trening. <br>\n          <br>6.\tOppbevaring av eiendeler: <br>\u2022\tKl\u00e6r. bager. sekker o.l. henges opp p\u00e5 knagger i resepsjonsomr\u00e5det eller i garderobe. Ingen oppbevaring av dette i egentreningssal eller gruppetreningssal. Hvis du \u00f8nsker \u00e5 l\u00e5se inn verdisaker, kan du benytte eget hengel\u00e5s p\u00e5 skap i garderobene. Skap brukes kun n\u00e5r du trener. l\u00e5ste skap vil bli \u00e5pnet ved dagens slutt og innhold i skapet oppbevares p\u00e5 senteret i 2 uker. FAST er ikke ansvarlig for eiendeler som oppbevares i skapene. <br>\n          <br>7.\tRydd etter deg: <br>\u2022\tHvert medlem er selv ansvarlig for \u00e5 rydde p\u00e5 plass det utstyret som er brukt. <br>8.\tBruk av apparater \/utstyr: <br>\u2022\tTreningsutstyr skal behandles med omhu og skal kun benyttes til de \u00f8velsene de er beregnet til. H\u00e5ndvekter, skiver og annet treningsutstyr skal ikke slippes ned eller kastes. Ved sp\u00f8rsm\u00e5l om bruk av treningsutstyr, er du velkommen til \u00e5 sp\u00f8rre oss om r\u00e5d. <br>\n          <br>9.\tVask av apparat og utstyr: <br>\u2022\tBruk gjerne h\u00e5ndduk n\u00e5r du trener p\u00e5 matte-\/styrke- og kondisjonsapparat. Alt utstyr som du har brukt skal vaskes av etter bruk. Papir, kluter og sprayflasker finne du b\u00e5de plassert i treningssalene og ved hygienestasjon. <br>\n          <br>10.\tAntidoping: <br>\u2022\tAll form for doping er strengt forbudt og medf\u00f8rer utestengelse. <br>\n          <br>11.\tMobil\/foto: <br>\u2022\tVis hensyn ved mobilbruk. Det er ikke lovlig \u00e5 ta og publisere bilder av andre uten samtykke. Ha mobil p\u00e5 lydl\u00f8s under trening, og hold mobilsamtaler og bruk av mobil til et minimum n\u00e5r du er p\u00e5 senteret. <br>\n          <br>12.\tSikkerhet: <br>\u2022\tP\u00e5 FAST tar vi vare p\u00e5 hverandre. Ser du noen som trenger assistanse - tilby din hjelp. Hvis du registrerer forhold som du mener representerer sikkerhetsrisiko, ta kontakt med oss umiddelbart. Enten med ansatte n\u00e5r senteret er bemannet, eller ta kontakt via \"Min side\", eller sender en SMS til resepsjonstelefonen 47 66 89 50.&nbsp;<br>\n        <\/p>\n      <\/div>\n    <\/section>\n    \n    \n    \n  \n","protected":false},"excerpt":{"rendered":"<p>Medlemsvilk\u00e5r Medlemsvilk\u00e5r 1. FAST R\u00f8rvik AS, videre beskrevet som FAST, sitt hovedprodukt er l\u00f8pende abonnementsmedlemskap med eller uten bindingstid. 2. Medlemskapet l\u00f8per fra den dagen du melder deg inn. Ved innmelding blir du belastet for treningsavgift for en m\u00e5ned. De til enhver tid gjeldende priser finnes p\u00e5 hjemmesiden under fanen &laquo;Bli medlem&raquo;. Ved tegning av &hellip; <a href=\"https:\/\/fasttrening.no\/?page_id=744\" class=\"more-link\">Continue reading<span class=\"screen-reader-text\"> &laquo;\u200bMedlemsvilk\u00e5r&raquo;<\/span><\/a><\/p>\n","protected":false},"author":1,"featured_media":0,"parent":0,"menu_order":0,"comment_status":"closed","ping_status":"closed","template":"","meta":{"footnotes":""},"class_list":["post-744","page","type-page","status-publish","hentry"],"_links":{"self":[{"href":"https:\/\/fasttrening.no\/index.php?rest_route=\/wp\/v2\/pages\/744","targetHints":{"allow":["GET"]}}],"collection":[{"href":"https:\/\/fasttrening.no\/index.php?rest_route=\/wp\/v2\/pages"}],"about":[{"href":"https:\/\/fasttrening.no\/index.php?rest_route=\/wp\/v2\/types\/page"}],"author":[{"embeddable":true,"href":"https:\/\/fasttrening.no\/index.php?rest_route=\/wp\/v2\/users\/1"}],"replies":[{"embeddable":true,"href":"https:\/\/fasttrening.no\/index.php?rest_route=%2Fwp%2Fv2%2Fcomments&post=744"}],"version-history":[{"count":3,"href":"https:\/\/fasttrening.no\/index.php?rest_route=\/wp\/v2\/pages\/744\/revisions"}],"predecessor-version":[{"id":799,"href":"https:\/\/fasttrening.no\/index.php?rest_route=\/wp\/v2\/pages\/744\/revisions\/799"}],"wp:attachment":[{"href":"https:\/\/fasttrening.no\/index.php?rest_route=%2Fwp%2Fv2%2Fmedia&parent=744"}],"curies":[{"name":"wp","href":"https:\/\/api.w.org\/{rel}","templated":true}]}}